{"id":5364,"date":"2016-02-09T20:10:36","date_gmt":"2016-02-09T20:10:36","guid":{"rendered":"https:\/\/www.united-europe.eu\/?page_id=5364&#038;lang=de"},"modified":"2019-02-07T14:54:47","modified_gmt":"2019-02-07T13:54:47","slug":"mitglieder","status":"publish","type":"page","link":"https:\/\/www.united-europe.eu\/de\/ueber-uns\/mitglieder\/","title":{"rendered":"Mitglieder"},"content":{"rendered":"<p>United Europe ist ein gemeinn\u00fctziger Verein der sich die europ\u00e4ische V\u00f6lkerverst\u00e4ndigung zum Ziel gesetzt hat. Wir vertreten keine spezifischen politischen oder wirtschaftlichen Interessen und bem\u00fchen uns nicht um \u00f6ffentliche Gelder. Unsere Organisation ist rein durch Spenden und Mitgliedsbeitr\u00e4ge finanziert.<\/p>\n<p>F\u00fcr weitere Informationen zu unseren Mitgliedern, besuchen Sie bitte die folgenden Seiten:<\/p>\n<p><a href=\"https:\/\/www.united-europe.eu\/de\/united-europe\/mitglieder\/personal-members\/\" target=\"_blank\" rel=\"noopener\">Pers\u00f6nliche Mitglieder<\/a><\/p>\n<p><a href=\"https:\/\/www.united-europe.eu\/de\/united-europe\/mitglieder\/firmenmitglieder\/\" target=\"_blank\" rel=\"noopener\">Firmenmitglieder<\/a><\/p>\n","protected":false},"excerpt":{"rendered":"<p>United Europe ist ein gemeinn\u00fctziger Verein der sich die europ\u00e4ische V\u00f6lkerverst\u00e4ndigung zum Ziel gesetzt hat. Wir vertreten keine spezifischen politischen oder wirtschaftlichen Interessen und bem\u00fchen uns nicht um \u00f6ffentliche Gelder.&hellip;<\/p>\n","protected":false},"author":16,"featured_media":0,"parent":18,"menu_order":4,"comment_status":"closed","ping_status":"closed","template":"","meta":{"_acf_changed":false,"footnotes":""},"class_list":["post-5364","page","type-page","status-publish"],"acf":[],"aioseo_notices":[],"_links":{"self":[{"href":"https:\/\/www.united-europe.eu\/de\/wp-json\/wp\/v2\/pages\/5364","targetHints":{"allow":["GET"]}}],"collection":[{"href":"https:\/\/www.united-europe.eu\/de\/wp-json\/wp\/v2\/pages"}],"about":[{"href":"https:\/\/www.united-europe.eu\/de\/wp-json\/wp\/v2\/types\/page"}],"author":[{"embeddable":true,"href":"https:\/\/www.united-europe.eu\/de\/wp-json\/wp\/v2\/users\/16"}],"replies":[{"embeddable":true,"href":"https:\/\/www.united-europe.eu\/de\/wp-json\/wp\/v2\/comments?post=5364"}],"version-history":[{"count":4,"href":"https:\/\/www.united-europe.eu\/de\/wp-json\/wp\/v2\/pages\/5364\/revisions"}],"predecessor-version":[{"id":13001,"href":"https:\/\/www.united-europe.eu\/de\/wp-json\/wp\/v2\/pages\/5364\/revisions\/13001"}],"up":[{"embeddable":true,"href":"https:\/\/www.united-europe.eu\/de\/wp-json\/wp\/v2\/pages\/18"}],"wp:attachment":[{"href":"https:\/\/www.united-europe.eu\/de\/wp-json\/wp\/v2\/media?parent=5364"}],"curies":[{"name":"wp","href":"https:\/\/api.w.org\/{rel}","templated":true}]}}