{"id":40,"date":"2013-09-10T07:33:27","date_gmt":"2013-09-10T07:33:27","guid":{"rendered":"https:\/\/www.united-europe.eu\/?page_id=40"},"modified":"2021-05-19T09:25:43","modified_gmt":"2021-05-19T07:25:43","slug":"mitglied-werden","status":"publish","type":"page","link":"https:\/\/www.united-europe.eu\/de\/ueber-uns\/mitglied-werden\/","title":{"rendered":"Mitglied werden"},"content":{"rendered":"<p>United Europe will Menschen aus verschiedenen L\u00e4ndern und mit unterschiedlichen Lebenserfahrungen zusammenbringen, die unsere Vision von einem vielf\u00e4ltigen und wettbewerbsf\u00e4higen Europa teilen. Als Mitglieder sind uns pers\u00f6nliche Mitglieder, Unternehmen und akademische Einrichtungen willkommen.<\/p>\n<ul>\n<li>Der j\u00e4hrliche Mitgliedsbeitrag f\u00fcr <strong>Unternehmen<\/strong> betr\u00e4gt 10.000 Euro.<\/li>\n<\/ul>\n<p>Die Vorteile einer <strong>Firmenmitgliedschaft<\/strong> umfassen:<\/p>\n<ul>\n<li>Zugang Ihrer Chefetage zu unseren exklusiven, pers\u00f6nlichen Veranstaltungen<\/li>\n<li>M\u00f6glichkeiten zur Teilnahme an Roundtable-Gespr\u00e4chen mit Entscheidungstr\u00e4gern aus der Politik, Wirtschaft und Akademia<\/li>\n<li>Regelm\u00e4\u00dfiger Newsletter<\/li>\n<\/ul>\n<p>Der Mitgliedsbeitrag f\u00fcr<strong> pers\u00f6nliche Mitglieder<\/strong> betr\u00e4gt 100 \u20ac pro Jahr.<\/p>\n<p>Alle pers\u00f6nlichen Mitglieder erhalten:<\/p>\n<ul>\n<li>unseren regelm\u00e4\u00dfigen Newsletter<\/li>\n<li>Einladungen zu unseren nicht exklusiven Online-Veranstaltungen<\/li>\n<li>Einladungen zu ausgew\u00e4hlten Pr\u00e4senzveranstaltungen<\/li>\n<\/ul>\n<p>Der erste Jahresbeitrag ist nach Beitritt\u00a0 f\u00e4llig. Die Folgebeitr\u00e4ge sind jeweils zu Beginn eines Kalenderjahres f\u00e4llig.<\/p>\n<p><strong><em>Wenn Sie United Europe beitreten m\u00f6chten, bitten wir Sie, das folgende Formular auszuf\u00fcllen und abzuschicken. Sie erhalten die weiteren Informationen dann per Brief oder Mail.\u00a0<\/em><\/strong><\/p>\n\n<div class=\"wpcf7 no-js\" id=\"wpcf7-f1001-o1\" lang=\"de-DE\" dir=\"ltr\" data-wpcf7-id=\"1001\">\n<div class=\"screen-reader-response\"><p role=\"status\" aria-live=\"polite\" aria-atomic=\"true\"><\/p> <ul><\/ul><\/div>\n<form action=\"\/de\/wp-json\/wp\/v2\/pages\/40#wpcf7-f1001-o1\" method=\"post\" class=\"wpcf7-form init\" aria-label=\"Kontaktformular\" novalidate=\"novalidate\" data-status=\"init\">\n<fieldset class=\"hidden-fields-container\"><input type=\"hidden\" name=\"_wpcf7\" value=\"1001\" \/><input type=\"hidden\" name=\"_wpcf7_version\" value=\"6.1.4\" \/><input type=\"hidden\" name=\"_wpcf7_locale\" value=\"de_DE\" \/><input type=\"hidden\" name=\"_wpcf7_unit_tag\" value=\"wpcf7-f1001-o1\" \/><input type=\"hidden\" name=\"_wpcf7_container_post\" value=\"0\" \/><input type=\"hidden\" name=\"_wpcf7_posted_data_hash\" value=\"\" \/>\n<\/fieldset>\n<div id=\"responsive-form\" class=\"clearfix\">\n\t<div class=\"form-row\">\n\t\t<div class=\"column-half\">\n\t\t\t<p>Titel * (* = Pflichtfeld) <span class=\"wpcf7-form-control-wrap\" data-name=\"UE_Titel\"><select class=\"wpcf7-form-control wpcf7-select wpcf7-validates-as-required\" aria-required=\"true\" aria-invalid=\"false\" name=\"UE_Titel\"><option value=\"Herr\">Herr<\/option><option value=\"Frau\">Frau<\/option><option value=\"Dr.\">Dr.<\/option><option value=\"Prof.\">Prof.<\/option><\/select><\/span>\n\t\t\t<\/p>\n\t\t<\/div>\n\t<\/div>\n\t<div class=\"form-row\">\n\t\t<div class=\"column-half\">\n\t\t\t<p>Vorname * <span class=\"wpcf7-form-control-wrap\" data-name=\"UE_Vorname1\"><input size=\"40\" maxlength=\"400\" class=\"wpcf7-form-control wpcf7-text wpcf7-validates-as-required\" aria-required=\"true\" aria-invalid=\"false\" value=\"\" type=\"text\" name=\"UE_Vorname1\" \/><\/span>\n\t\t\t<\/p>\n\t\t<\/div>\n\t\t<div class=\"column-half\">\n\t\t\t<p>Weitere Vornamen <span class=\"wpcf7-form-control-wrap\" data-name=\"UE_Vorname2\"><input size=\"40\" maxlength=\"400\" class=\"wpcf7-form-control wpcf7-text\" aria-invalid=\"false\" value=\"\" type=\"text\" name=\"UE_Vorname2\" \/><\/span>\n\t\t\t<\/p>\n\t\t<\/div>\n\t<\/div>\n\t<div class=\"form-row\">\n\t\t<div class=\"column-half\">\n\t\t\t<p>Nachname * <span class=\"wpcf7-form-control-wrap\" data-name=\"UE_Nachname\"><input size=\"40\" maxlength=\"400\" class=\"wpcf7-form-control wpcf7-text wpcf7-validates-as-required\" aria-required=\"true\" aria-invalid=\"false\" value=\"\" type=\"text\" name=\"UE_Nachname\" \/><\/span>\n\t\t\t<\/p>\n\t\t<\/div>\n\t<\/div>\n\t<div class=\"form-row\">\n\t\t<div class=\"column-half\">\n\t\t\t<p>Firma oder Organisation <span class=\"wpcf7-form-control-wrap\" data-name=\"UE_Firma\"><input size=\"40\" maxlength=\"400\" class=\"wpcf7-form-control wpcf7-text\" aria-invalid=\"false\" value=\"\" type=\"text\" name=\"UE_Firma\" \/><\/span>\n\t\t\t<\/p>\n\t\t<\/div>\n\t<\/div>\n\t<div class=\"form-row\">\n\t\t<div class=\"column-half\">\n\t\t\t<p>E-Mail * <span class=\"wpcf7-form-control-wrap\" data-name=\"UE_Email\"><input size=\"40\" maxlength=\"400\" class=\"wpcf7-form-control wpcf7-email wpcf7-validates-as-required wpcf7-text wpcf7-validates-as-email\" aria-required=\"true\" aria-invalid=\"false\" value=\"\" type=\"email\" name=\"UE_Email\" \/><\/span>\n\t\t\t<\/p>\n\t\t<\/div>\n\t<\/div>\n\t<div class=\"form-row\">\n\t\t<div class=\"column-half\">\n\t\t\t<p>Telefon <span class=\"wpcf7-form-control-wrap\" data-name=\"UE_Telefon\"><input size=\"40\" maxlength=\"400\" class=\"wpcf7-form-control wpcf7-tel wpcf7-text wpcf7-validates-as-tel\" aria-invalid=\"false\" value=\"\" type=\"tel\" name=\"UE_Telefon\" \/><\/span>\n\t\t\t<\/p>\n\t\t<\/div>\n\t<\/div>\n\t<div class=\"form-row\">\n\t\t<div class=\"column-half\">\n\t\t\t<p>Strasse * <span class=\"wpcf7-form-control-wrap\" data-name=\"UE_Strasse1\"><input size=\"40\" maxlength=\"400\" class=\"wpcf7-form-control wpcf7-text wpcf7-validates-as-required\" aria-required=\"true\" aria-invalid=\"false\" value=\"\" type=\"text\" name=\"UE_Strasse1\" \/><\/span>\n\t\t\t<\/p>\n\t\t<\/div>\n\t\t<div class=\"column-half\">\n\t\t\t<p>(Strasse 2) <span class=\"wpcf7-form-control-wrap\" data-name=\"UE_Strasse2\"><input size=\"40\" maxlength=\"400\" class=\"wpcf7-form-control wpcf7-text\" aria-invalid=\"false\" value=\"\" type=\"text\" name=\"UE_Strasse2\" \/><\/span>\n\t\t\t<\/p>\n\t\t<\/div>\n\t<\/div>\n\t<div class=\"form-row\">\n\t\t<div class=\"column-half\">\n\t\t\t<p>Postleitzahl * <span class=\"wpcf7-form-control-wrap\" data-name=\"UE_Postleitzahl\"><input size=\"40\" maxlength=\"400\" class=\"wpcf7-form-control wpcf7-text wpcf7-validates-as-required\" aria-required=\"true\" aria-invalid=\"false\" value=\"\" type=\"text\" name=\"UE_Postleitzahl\" \/><\/span>\n\t\t\t<\/p>\n\t\t<\/div>\n\t\t<div class=\"column-half\">\n\t\t\t<p>Stadt * <span class=\"wpcf7-form-control-wrap\" data-name=\"UE_Stadt\"><input size=\"40\" maxlength=\"400\" class=\"wpcf7-form-control wpcf7-text wpcf7-validates-as-required\" aria-required=\"true\" aria-invalid=\"false\" value=\"\" type=\"text\" name=\"UE_Stadt\" \/><\/span>\n\t\t\t<\/p>\n\t\t<\/div>\n\t<\/div>\n\t<div class=\"form-row\">\n\t\t<div class=\"column-half\">\n\t\t\t<p>Land ausw\u00e4hlen * <span class=\"wpcf7-form-control-wrap\" data-name=\"UE_Land\"><select class=\"wpcf7-form-control wpcf7-select wpcf7-validates-as-required\" aria-required=\"true\" aria-invalid=\"false\" name=\"UE_Land\"><option value=\"\">&#8211; Bitte ausw\u00e4hlen &#8211;<\/option><option value=\"Belgien\">Belgien<\/option><option value=\"Bulgarien\">Bulgarien<\/option><option value=\"D\u00e4nemark\">D\u00e4nemark<\/option><option value=\"Deutschland\">Deutschland<\/option><option value=\"Estland\">Estland<\/option><option value=\"Finnland\">Finnland<\/option><option value=\"Frankreich\">Frankreich<\/option><option value=\"Griechenland\">Griechenland<\/option><option value=\"Irland\">Irland<\/option><option value=\"Italien\">Italien<\/option><option value=\"Kroatien\">Kroatien<\/option><option value=\"Lettland\">Lettland<\/option><option value=\"Litauen\">Litauen<\/option><option value=\"Luxemburg\">Luxemburg<\/option><option value=\"Malta\">Malta<\/option><option value=\"Niederlande\">Niederlande<\/option><option value=\"\u00d6sterreich\">\u00d6sterreich<\/option><option value=\"Polen\">Polen<\/option><option value=\"Portugal\">Portugal<\/option><option value=\"Rum\u00e4nien\">Rum\u00e4nien<\/option><option value=\"Schweden\">Schweden<\/option><option value=\"Slowakei\">Slowakei<\/option><option value=\"Slowenien\">Slowenien<\/option><option value=\"Spanien\">Spanien<\/option><option value=\"Tschechien\">Tschechien<\/option><option value=\"Ungarn\">Ungarn<\/option><option value=\"Vereinigtes K\u00f6nigreich\">Vereinigtes K\u00f6nigreich<\/option><option value=\"Zypern\">Zypern<\/option><option value=\"--&gt; andere L\u00e4nder\">--&gt; andere L\u00e4nder<\/option><option value=\"Schweiz\">Schweiz<\/option><option value=\"Vereinigte Staaten\">Vereinigte Staaten<\/option><\/select><\/span>\n\t\t\t<\/p>\n\t\t<\/div>\n\t<\/div>\n\t<div class=\"form-row\">\n\t\t<div class=\"column-full\">\n\t\t\t<p>Art der Mitgliedschaft *<br \/>\n<span class=\"wpcf7-form-control-wrap\" data-name=\"UE_Mitgliedschaft\"><span class=\"wpcf7-form-control wpcf7-checkbox wpcf7-validates-as-required wpcf7-exclusive-checkbox\"><span class=\"wpcf7-list-item first\"><label><input type=\"checkbox\" name=\"UE_Mitgliedschaft\" value=\"Individuelle Mitgliedschaft (100 \u20ac im Jahr)\" \/><span class=\"wpcf7-list-item-label\">Individuelle Mitgliedschaft (100 \u20ac im Jahr)<\/span><\/label><\/span><span class=\"wpcf7-list-item last\"><label><input type=\"checkbox\" name=\"UE_Mitgliedschaft\" value=\"Firmenmitgliedschaft (10.000 \u20ac im Jahr)\" \/><span class=\"wpcf7-list-item-label\">Firmenmitgliedschaft (10.000 \u20ac im Jahr)<\/span><\/label><\/span><\/span><\/span>\n\t\t\t<\/p>\n\t\t<\/div>\n\t<\/div>\n\t<div class=\"form-row\">\n\t\t<div class=\"column-full\">\n\t\t\t<p>Kommentar <span class=\"wpcf7-form-control-wrap\" data-name=\"UE_Kommentar\"><textarea cols=\"40\" rows=\"10\" maxlength=\"270\" class=\"wpcf7-form-control wpcf7-textarea\" aria-invalid=\"false\" placeholder=\"Bitte nennen Sie uns Ihre besonderen Anmerkungen und W\u00fcnsche\" name=\"UE_Kommentar\"><\/textarea><\/span>\n\t\t\t<\/p>\n\t\t<\/div>\n\t<\/div>\n\t<div class=\"form-row\">\n\t\t<div class=\"column-full\">\n\t\t\t<p>Hiermit erkl\u00e4re(n) ich\/wir, dass ich\/wir die Ziele von United Europe unterst\u00fctze(n) und die Satzung des Vereins anerkenne(n).\n\t\t\t<\/p>\n\t\t\t<p>Ich\/Wir erkl\u00e4re(n) mich\/uns damit einverstanden, dass United Europe die obigen Daten im Rahmen der Mitgliederverwaltung elektronisch speichert, sie f\u00fcr vereinsinterne Zwecke verwendet und in Form von Mitgliederlisten an andere Mitglieder weitergibt. Pers\u00f6nliche Daten werden nicht an Dritte weitergegeben.\n\t\t\t<\/p>\n\t\t\t<p>Mit der Ver\u00f6ffentlichung unseres Namens und des Sitzes unseres Unternehmens\/unserer Organisation auf der Homepage des Vereins bin ich \/ sind wir\n\t\t\t<\/p>\n\t\t\t<p><span class=\"wpcf7-form-control-wrap\" data-name=\"UE_Veroeffentlichung\"><span class=\"wpcf7-form-control wpcf7-checkbox wpcf7-validates-as-required wpcf7-exclusive-checkbox\"><span class=\"wpcf7-list-item first\"><input type=\"checkbox\" name=\"UE_Veroeffentlichung\" value=\"einverstanden\" \/><span class=\"wpcf7-list-item-label\">einverstanden<\/span><\/span><span class=\"wpcf7-list-item last\"><input type=\"checkbox\" name=\"UE_Veroeffentlichung\" value=\"nicht einverstanden\" \/><span class=\"wpcf7-list-item-label\">nicht einverstanden<\/span><\/span><\/span><\/span>\n\t\t\t<\/p>\n\t\t<\/div>\n\t<\/div>\n\t<div class=\"form-row\">\n\t\t<div class=\"column-full\">\n\t\t\t<p>Ich bin damit einverstanden, dass United Europe e. V., Elbchaussee 359, 22609 Hamburg, Deutschland, meine oben angegebene E-Mail-Adresse verarbeitet, um mich per E-Mail \u00fcber Veranstaltungen, Studien und weitere Aktivit\u00e4ten von United Europe e.V. zu informieren.<br \/>\nMeine Einwilligung kann ich jederzeit mit Wirkung f\u00fcr die Zukunft widerrufen, z.B. per E-Mail an <a href=\"mailto:info@united-europe.eu\">info@united-europe.eu<\/a>.<br \/>\nDie Rechtm\u00e4\u00dfigkeit der Verarbeitung meiner E-Mail-Adresse bis zum Widerruf bleibt hiervon unber\u00fchrt.<br \/>\nDie Verarbeitung meiner E-Mail-Adresse erfolgt entsprechend der Datenschutzerkl\u00e4rung des United Europe e.V., welche hier zu erreichen ist: <a href=\"https:\/\/www.united-europe.eu\/de\/datenschutz\/\" target=\"_blank\">Datenschutzerkl\u00e4rung<\/a>\n\t\t\t<\/p>\n\t\t\t<p><span class=\"wpcf7-form-control-wrap\" data-name=\"UE_privacy\"><span class=\"wpcf7-form-control wpcf7-checkbox wpcf7-validates-as-required\"><span class=\"wpcf7-list-item first last\"><input type=\"checkbox\" name=\"UE_privacy[]\" value=\"Ich stimme zu *\" \/><span class=\"wpcf7-list-item-label\">Ich stimme zu *<\/span><\/span><\/span><\/span>\n\t\t\t<\/p>\n\t\t<\/div>\n\t<\/div>\n\t<div class=\"form-row\">\n\t\t<div class=\"column-full\">\n\t\t\t<p><input class=\"wpcf7-form-control wpcf7-submit has-spinner\" type=\"submit\" value=\"Senden\" \/>\n\t\t\t<\/p>\n\t\t<\/div>\n\t<\/div>\n<\/div><div class=\"wpcf7-response-output\" aria-hidden=\"true\"><\/div>\n<\/form>\n<\/div>\n\n","protected":false},"excerpt":{"rendered":"<p>United Europe will Menschen aus verschiedenen L\u00e4ndern und mit unterschiedlichen Lebenserfahrungen zusammenbringen, die unsere Vision von einem vielf\u00e4ltigen und wettbewerbsf\u00e4higen Europa teilen. Als Mitglieder sind uns pers\u00f6nliche Mitglieder, Unternehmen und&hellip;<\/p>\n","protected":false},"author":16,"featured_media":0,"parent":18,"menu_order":6,"comment_status":"closed","ping_status":"closed","template":"","meta":{"_acf_changed":false,"footnotes":""},"class_list":["post-40","page","type-page","status-publish"],"acf":[],"aioseo_notices":[],"_links":{"self":[{"href":"https:\/\/www.united-europe.eu\/de\/wp-json\/wp\/v2\/pages\/40","targetHints":{"allow":["GET"]}}],"collection":[{"href":"https:\/\/www.united-europe.eu\/de\/wp-json\/wp\/v2\/pages"}],"about":[{"href":"https:\/\/www.united-europe.eu\/de\/wp-json\/wp\/v2\/types\/page"}],"author":[{"embeddable":true,"href":"https:\/\/www.united-europe.eu\/de\/wp-json\/wp\/v2\/users\/16"}],"replies":[{"embeddable":true,"href":"https:\/\/www.united-europe.eu\/de\/wp-json\/wp\/v2\/comments?post=40"}],"version-history":[{"count":20,"href":"https:\/\/www.united-europe.eu\/de\/wp-json\/wp\/v2\/pages\/40\/revisions"}],"predecessor-version":[{"id":20125,"href":"https:\/\/www.united-europe.eu\/de\/wp-json\/wp\/v2\/pages\/40\/revisions\/20125"}],"up":[{"embeddable":true,"href":"https:\/\/www.united-europe.eu\/de\/wp-json\/wp\/v2\/pages\/18"}],"wp:attachment":[{"href":"https:\/\/www.united-europe.eu\/de\/wp-json\/wp\/v2\/media?parent=40"}],"curies":[{"name":"wp","href":"https:\/\/api.w.org\/{rel}","templated":true}]}}