{"id":17593,"date":"2020-05-22T12:49:26","date_gmt":"2020-05-22T10:49:26","guid":{"rendered":"https:\/\/www.united-europe.eu\/mentoring-program\/"},"modified":"2024-07-08T09:59:19","modified_gmt":"2024-07-08T07:59:19","slug":"advocacy-programme","status":"publish","type":"page","link":"https:\/\/www.united-europe.eu\/de\/advocacy-programme\/","title":{"rendered":"Young Leaders Advocacy Network"},"content":{"rendered":"<div class=\"wpb-content-wrapper\">[vc_row][vc_column][vc_single_image image=&#8220;21453&#8243; img_size=&#8220;large&#8220; alignment=&#8220;center&#8220; css=&#8220;&#8220;][\/vc_column][\/vc_row][vc_row css=&#8220;.vc_custom_1572863986321{margin-bottom: 50px !important;}&#8220;][vc_column][vc_column_text css=&#8220;&#8220;]Das\u00a0<strong>Young Leaders Advocacy Netzwerk<\/strong> von United Europe ist darauf ausgelegt, sich auf europ\u00e4ischer Ebene zu vernetzen und Best Practices auszutauschen. Es stellt eine Investition in die Zukunft dar. Es hilft dabei, Talente unserer Unternehmensmitglieder zu f\u00f6rdern und zu unterst\u00fctzen, die langfristig zum Erfolg des Unternehmens beitragen werden.<\/p>\n<p>Das <strong>Young Leaders Advocacy Netzwerk<\/strong> dient auch dazu, Gespr\u00e4che zwischen der n\u00e4chsten Generation von F\u00fchrungskr\u00e4ften und C-Level F\u00fchrungskr\u00e4ften aus ganz Europa zu f\u00f6rdern, um verschiedene Perspektiven zu erkunden und Europa intergenerational zu st\u00e4rken.<\/p>\n<p>Das <strong>Young Leaders Advocacy Netzwerk<\/strong> von United Europe bietet die M\u00f6glichkeit, am europ\u00e4ischen Narrativ teilzunehmen und dazu beizutragen,\u00a0 innovative Ideen einzubringen und pers\u00f6nliche sowie berufliche Netzwerke in ganz Europa zu st\u00e4rken.[\/vc_column_text][\/vc_column][\/vc_row]\n<\/div>","protected":false},"excerpt":{"rendered":"<p>[vc_row][vc_column][vc_single_image image=&#8220;21453&#8243; img_size=&#8220;large&#8220; alignment=&#8220;center&#8220; css=&#8220;&#8220;][\/vc_column][\/vc_row][vc_row css=&#8220;.vc_custom_1572863986321{margin-bottom: 50px !important;}&#8220;][vc_column][vc_column_text css=&#8220;&#8220;]Das\u00a0Young Leaders Advocacy Netzwerk von United Europe ist darauf ausgelegt, sich auf europ\u00e4ischer Ebene zu vernetzen und Best Practices auszutauschen. Es stellt&hellip;<\/p>\n","protected":false},"author":16,"featured_media":18800,"parent":0,"menu_order":3,"comment_status":"closed","ping_status":"closed","template":"","meta":{"_acf_changed":false,"footnotes":""},"class_list":["post-17593","page","type-page","status-publish","has-post-thumbnail"],"acf":[],"aioseo_notices":[],"_links":{"self":[{"href":"https:\/\/www.united-europe.eu\/de\/wp-json\/wp\/v2\/pages\/17593","targetHints":{"allow":["GET"]}}],"collection":[{"href":"https:\/\/www.united-europe.eu\/de\/wp-json\/wp\/v2\/pages"}],"about":[{"href":"https:\/\/www.united-europe.eu\/de\/wp-json\/wp\/v2\/types\/page"}],"author":[{"embeddable":true,"href":"https:\/\/www.united-europe.eu\/de\/wp-json\/wp\/v2\/users\/16"}],"replies":[{"embeddable":true,"href":"https:\/\/www.united-europe.eu\/de\/wp-json\/wp\/v2\/comments?post=17593"}],"version-history":[{"count":77,"href":"https:\/\/www.united-europe.eu\/de\/wp-json\/wp\/v2\/pages\/17593\/revisions"}],"predecessor-version":[{"id":24354,"href":"https:\/\/www.united-europe.eu\/de\/wp-json\/wp\/v2\/pages\/17593\/revisions\/24354"}],"wp:featuredmedia":[{"embeddable":true,"href":"https:\/\/www.united-europe.eu\/de\/wp-json\/wp\/v2\/media\/18800"}],"wp:attachment":[{"href":"https:\/\/www.united-europe.eu\/de\/wp-json\/wp\/v2\/media?parent=17593"}],"curies":[{"name":"wp","href":"https:\/\/api.w.org\/{rel}","templated":true}]}}